{"id":1986,"date":"2024-01-03T09:46:46","date_gmt":"2024-01-03T09:46:46","guid":{"rendered":"https:\/\/zulodesign.com\/strona-glowna-2\/"},"modified":"2024-06-18T20:14:11","modified_gmt":"2024-06-18T20:14:11","slug":"strona-glowna-2","status":"publish","type":"page","link":"https:\/\/zulodesign.com\/cs\/","title":{"rendered":"Hlavn\u00ed str\u00e1nka"},"content":{"rendered":"<p>Design n\u00e1bytku<\/p>\n","protected":false},"excerpt":{"rendered":"<p>Design n\u00e1bytku<\/p>\n","protected":false},"author":1,"featured_media":0,"parent":0,"menu_order":0,"comment_status":"closed","ping_status":"closed","template":"template-glowna.php","meta":{"footnotes":""},"class_list":["post-1986","page","type-page","status-publish","hentry"],"acf":[],"yoast_head":"<!-- This site is optimized with the Yoast SEO plugin v27.3 - https:\/\/yoast.com\/product\/yoast-seo-wordpress\/ -->\n<title>Zulo - Projektanci Wn\u0119trz dla Projekt\u00f3w Mieszka\u0144 i Dom\u00f3w<\/title>\n<meta name=\"description\" content=\"Projektowanie wn\u0119trz dla przestrzeni mieszkalnych.. Specjalizujemy si\u0119 w projektowaniu nowoczesnych i funkcjonalnych mieszka\u0144 i dom\u00f3w.\" \/>\n<meta name=\"robots\" content=\"index, follow, max-snippet:-1, max-image-preview:large, max-video-preview:-1\" \/>\n<link rel=\"canonical\" href=\"https:\/\/zulodesign.com\/cs\/\" \/>\n<meta property=\"og:locale\" content=\"cs_CZ\" \/>\n<meta property=\"og:type\" content=\"article\" \/>\n<meta property=\"og:title\" content=\"Zulo - Projektanci Wn\u0119trz dla Projekt\u00f3w Mieszka\u0144 i Dom\u00f3w\" \/>\n<meta property=\"og:description\" content=\"Projektowanie wn\u0119trz dla przestrzeni mieszkalnych.. Specjalizujemy si\u0119 w projektowaniu nowoczesnych i funkcjonalnych mieszka\u0144 i dom\u00f3w.\" \/>\n<meta property=\"og:url\" content=\"https:\/\/zulodesign.com\/cs\/\" \/>\n<meta property=\"og:site_name\" content=\"Zulo Design\" \/>\n<meta property=\"article:publisher\" content=\"https:\/\/www.facebook.com\/ZuloDesignPL\" \/>\n<meta property=\"article:modified_time\" content=\"2024-06-18T20:14:11+00:00\" \/>\n<meta name=\"twitter:card\" content=\"summary_large_image\" \/>\n<meta name=\"twitter:label1\" content=\"Odhadovan\u00e1 doba \u010dten\u00ed\" \/>\n\t<meta name=\"twitter:data1\" content=\"1 minuta\" \/>\n<script type=\"application\/ld+json\" class=\"yoast-schema-graph\">{\"@context\":\"https:\\\/\\\/schema.org\",\"@graph\":[{\"@type\":\"WebPage\",\"@id\":\"https:\\\/\\\/zulodesign.com\\\/cs\\\/\",\"url\":\"https:\\\/\\\/zulodesign.com\\\/cs\\\/\",\"name\":\"Zulo - Projektanci Wn\u0119trz dla Projekt\u00f3w Mieszka\u0144 i Dom\u00f3w\",\"isPartOf\":{\"@id\":\"https:\\\/\\\/zulodesign.com\\\/#website\"},\"datePublished\":\"2024-01-03T09:46:46+00:00\",\"dateModified\":\"2024-06-18T20:14:11+00:00\",\"description\":\"Projektowanie wn\u0119trz dla przestrzeni mieszkalnych.. Specjalizujemy si\u0119 w projektowaniu nowoczesnych i funkcjonalnych mieszka\u0144 i dom\u00f3w.\",\"breadcrumb\":{\"@id\":\"https:\\\/\\\/zulodesign.com\\\/cs\\\/#breadcrumb\"},\"inLanguage\":\"cs\",\"potentialAction\":[{\"@type\":\"ReadAction\",\"target\":[\"https:\\\/\\\/zulodesign.com\\\/cs\\\/\"]}]},{\"@type\":\"BreadcrumbList\",\"@id\":\"https:\\\/\\\/zulodesign.com\\\/cs\\\/#breadcrumb\",\"itemListElement\":[{\"@type\":\"ListItem\",\"position\":1,\"name\":\"Home\",\"item\":\"https:\\\/\\\/zulodesign.com\\\/cs\\\/\"},{\"@type\":\"ListItem\",\"position\":2,\"name\":\"Hlavn\u00ed str\u00e1nka\"}]},{\"@type\":\"WebSite\",\"@id\":\"https:\\\/\\\/zulodesign.com\\\/#website\",\"url\":\"https:\\\/\\\/zulodesign.com\\\/\",\"name\":\"Zulo Design\",\"description\":\"Interior &amp; Furniture Design\",\"publisher\":{\"@id\":\"https:\\\/\\\/zulodesign.com\\\/#organization\"},\"potentialAction\":[{\"@type\":\"SearchAction\",\"target\":{\"@type\":\"EntryPoint\",\"urlTemplate\":\"https:\\\/\\\/zulodesign.com\\\/?s={search_term_string}\"},\"query-input\":{\"@type\":\"PropertyValueSpecification\",\"valueRequired\":true,\"valueName\":\"search_term_string\"}}],\"inLanguage\":\"cs\"},{\"@type\":\"Organization\",\"@id\":\"https:\\\/\\\/zulodesign.com\\\/#organization\",\"name\":\"Zulo Design\",\"url\":\"https:\\\/\\\/zulodesign.com\\\/\",\"logo\":{\"@type\":\"ImageObject\",\"inLanguage\":\"cs\",\"@id\":\"https:\\\/\\\/zulodesign.com\\\/#\\\/schema\\\/logo\\\/image\\\/\",\"url\":\"https:\\\/\\\/zulodesign.com\\\/wp-content\\\/uploads\\\/2024\\\/01\\\/logo-5_1.svg\",\"contentUrl\":\"https:\\\/\\\/zulodesign.com\\\/wp-content\\\/uploads\\\/2024\\\/01\\\/logo-5_1.svg\",\"width\":170,\"height\":56,\"caption\":\"Zulo Design\"},\"image\":{\"@id\":\"https:\\\/\\\/zulodesign.com\\\/#\\\/schema\\\/logo\\\/image\\\/\"},\"sameAs\":[\"https:\\\/\\\/www.facebook.com\\\/ZuloDesignPL\"]}]}<\/script>\n<!-- \/ Yoast SEO plugin. -->","yoast_head_json":{"title":"Zulo - Projektanci Wn\u0119trz dla Projekt\u00f3w Mieszka\u0144 i Dom\u00f3w","description":"Projektowanie wn\u0119trz dla przestrzeni mieszkalnych.. Specjalizujemy si\u0119 w projektowaniu nowoczesnych i funkcjonalnych mieszka\u0144 i dom\u00f3w.","robots":{"index":"index","follow":"follow","max-snippet":"max-snippet:-1","max-image-preview":"max-image-preview:large","max-video-preview":"max-video-preview:-1"},"canonical":"https:\/\/zulodesign.com\/cs\/","og_locale":"cs_CZ","og_type":"article","og_title":"Zulo - Projektanci Wn\u0119trz dla Projekt\u00f3w Mieszka\u0144 i Dom\u00f3w","og_description":"Projektowanie wn\u0119trz dla przestrzeni mieszkalnych.. Specjalizujemy si\u0119 w projektowaniu nowoczesnych i funkcjonalnych mieszka\u0144 i dom\u00f3w.","og_url":"https:\/\/zulodesign.com\/cs\/","og_site_name":"Zulo Design","article_publisher":"https:\/\/www.facebook.com\/ZuloDesignPL","article_modified_time":"2024-06-18T20:14:11+00:00","twitter_card":"summary_large_image","twitter_misc":{"Odhadovan\u00e1 doba \u010dten\u00ed":"1 minuta"},"schema":{"@context":"https:\/\/schema.org","@graph":[{"@type":"WebPage","@id":"https:\/\/zulodesign.com\/cs\/","url":"https:\/\/zulodesign.com\/cs\/","name":"Zulo - Projektanci Wn\u0119trz dla Projekt\u00f3w Mieszka\u0144 i Dom\u00f3w","isPartOf":{"@id":"https:\/\/zulodesign.com\/#website"},"datePublished":"2024-01-03T09:46:46+00:00","dateModified":"2024-06-18T20:14:11+00:00","description":"Projektowanie wn\u0119trz dla przestrzeni mieszkalnych.. Specjalizujemy si\u0119 w projektowaniu nowoczesnych i funkcjonalnych mieszka\u0144 i dom\u00f3w.","breadcrumb":{"@id":"https:\/\/zulodesign.com\/cs\/#breadcrumb"},"inLanguage":"cs","potentialAction":[{"@type":"ReadAction","target":["https:\/\/zulodesign.com\/cs\/"]}]},{"@type":"BreadcrumbList","@id":"https:\/\/zulodesign.com\/cs\/#breadcrumb","itemListElement":[{"@type":"ListItem","position":1,"name":"Home","item":"https:\/\/zulodesign.com\/cs\/"},{"@type":"ListItem","position":2,"name":"Hlavn\u00ed str\u00e1nka"}]},{"@type":"WebSite","@id":"https:\/\/zulodesign.com\/#website","url":"https:\/\/zulodesign.com\/","name":"Zulo Design","description":"Interior &amp; Furniture Design","publisher":{"@id":"https:\/\/zulodesign.com\/#organization"},"potentialAction":[{"@type":"SearchAction","target":{"@type":"EntryPoint","urlTemplate":"https:\/\/zulodesign.com\/?s={search_term_string}"},"query-input":{"@type":"PropertyValueSpecification","valueRequired":true,"valueName":"search_term_string"}}],"inLanguage":"cs"},{"@type":"Organization","@id":"https:\/\/zulodesign.com\/#organization","name":"Zulo Design","url":"https:\/\/zulodesign.com\/","logo":{"@type":"ImageObject","inLanguage":"cs","@id":"https:\/\/zulodesign.com\/#\/schema\/logo\/image\/","url":"https:\/\/zulodesign.com\/wp-content\/uploads\/2024\/01\/logo-5_1.svg","contentUrl":"https:\/\/zulodesign.com\/wp-content\/uploads\/2024\/01\/logo-5_1.svg","width":170,"height":56,"caption":"Zulo Design"},"image":{"@id":"https:\/\/zulodesign.com\/#\/schema\/logo\/image\/"},"sameAs":["https:\/\/www.facebook.com\/ZuloDesignPL"]}]}},"_links":{"self":[{"href":"https:\/\/zulodesign.com\/cs\/wp-json\/wp\/v2\/pages\/1986","targetHints":{"allow":["GET"]}}],"collection":[{"href":"https:\/\/zulodesign.com\/cs\/wp-json\/wp\/v2\/pages"}],"about":[{"href":"https:\/\/zulodesign.com\/cs\/wp-json\/wp\/v2\/types\/page"}],"author":[{"embeddable":true,"href":"https:\/\/zulodesign.com\/cs\/wp-json\/wp\/v2\/users\/1"}],"replies":[{"embeddable":true,"href":"https:\/\/zulodesign.com\/cs\/wp-json\/wp\/v2\/comments?post=1986"}],"version-history":[{"count":10,"href":"https:\/\/zulodesign.com\/cs\/wp-json\/wp\/v2\/pages\/1986\/revisions"}],"predecessor-version":[{"id":2124,"href":"https:\/\/zulodesign.com\/cs\/wp-json\/wp\/v2\/pages\/1986\/revisions\/2124"}],"wp:attachment":[{"href":"https:\/\/zulodesign.com\/cs\/wp-json\/wp\/v2\/media?parent=1986"}],"curies":[{"name":"wp","href":"https:\/\/api.w.org\/{rel}","templated":true}]}}