{"id":206,"date":"2024-01-03T11:20:53","date_gmt":"2024-01-03T11:20:53","guid":{"rendered":"http:\/\/zulodesign.com\/koszyk\/"},"modified":"2024-01-03T11:20:53","modified_gmt":"2024-01-03T11:20:53","slug":"koszyk","status":"publish","type":"page","link":"https:\/\/zulodesign.com\/pl\/koszyk\/","title":{"rendered":"Koszyk"},"content":{"rendered":"\n<div data-block-name=\"woocommerce\/cart\" class=\"wp-block-woocommerce-cart alignwide is-loading\">\n<div data-block-name=\"woocommerce\/filled-cart-block\" class=\"wp-block-woocommerce-filled-cart-block\">\n<div data-block-name=\"woocommerce\/cart-items-block\" class=\"wp-block-woocommerce-cart-items-block\">\n<div data-block-name=\"woocommerce\/cart-line-items-block\" class=\"wp-block-woocommerce-cart-line-items-block\"><\/div>\n\n\n\n<div data-block-name=\"woocommerce\/cart-cross-sells-block\" class=\"wp-block-woocommerce-cart-cross-sells-block\">\n<h2 class=\"wp-block-heading has-large-font-size\">Zobacz inne r\u00f3wnie interesuj\u0105ce\u2026<\/h2>\n\n\n\n<div data-block-name=\"woocommerce\/cart-cross-sells-products-block\" class=\"wp-block-woocommerce-cart-cross-sells-products-block\"><\/div>\n<\/div>\n<\/div>\n\n\n\n<div data-block-name=\"woocommerce\/cart-totals-block\" class=\"wp-block-woocommerce-cart-totals-block\">\n<div data-block-name=\"woocommerce\/cart-order-summary-block\" class=\"wp-block-woocommerce-cart-order-summary-block\">\n<div data-block-name=\"woocommerce\/cart-order-summary-heading-block\" class=\"wp-block-woocommerce-cart-order-summary-heading-block\"><\/div><div data-block-name=\"woocommerce\/cart-order-summary-coupon-form-block\" class=\"wp-block-woocommerce-cart-order-summary-coupon-form-block\"><\/div><div data-block-name=\"woocommerce\/cart-order-summary-totals-block\" class=\"wp-block-woocommerce-cart-order-summary-totals-block\">\n<div data-block-name=\"woocommerce\/cart-order-summary-subtotal-block\" class=\"wp-block-woocommerce-cart-order-summary-subtotal-block\"><\/div>\n<div data-block-name=\"woocommerce\/cart-order-summary-discount-block\" class=\"wp-block-woocommerce-cart-order-summary-discount-block\"><\/div>\n<div data-block-name=\"woocommerce\/cart-order-summary-fee-block\" class=\"wp-block-woocommerce-cart-order-summary-fee-block\"><\/div>\n<div data-block-name=\"woocommerce\/cart-order-summary-shipping-block\" class=\"wp-block-woocommerce-cart-order-summary-shipping-block\"><\/div>\n<div data-block-name=\"woocommerce\/cart-order-summary-taxes-block\" class=\"wp-block-woocommerce-cart-order-summary-taxes-block\"><\/div><\/div>\n<\/div>\n\n\n\n<div data-block-name=\"woocommerce\/cart-express-payment-block\" class=\"wp-block-woocommerce-cart-express-payment-block\"><\/div>\n\n\n\n<div data-block-name=\"woocommerce\/proceed-to-checkout-block\" class=\"wp-block-woocommerce-proceed-to-checkout-block\"><\/div>\n\n\n\n<div data-block-name=\"woocommerce\/cart-accepted-payment-methods-block\" class=\"wp-block-woocommerce-cart-accepted-payment-methods-block\"><\/div>\n<\/div>\n<\/div>\n\n\n\n<div data-block-name=\"woocommerce\/empty-cart-block\" class=\"wp-block-woocommerce-empty-cart-block\">\n<h2 class=\"wp-block-heading has-text-align-center with-empty-cart-icon wc-block-cart__empty-cart__title\">Tw\u00f3j koszyk jest obecnie pusty!<\/h2>\n\n\n\n<hr class=\"wp-block-separator has-alpha-channel-opacity is-style-dots\"\/>\n\n\n\n<h2 class=\"wp-block-heading has-text-align-center\">Nowe w sklepie<\/h2>\n\n\n<div data-block-name=\"woocommerce\/product-new\" data-columns=\"4\" data-rows=\"1\" class=\"wc-block-grid wp-block-product-new wp-block-woocommerce-product-new wc-block-product-new has-4-columns\"><ul class=\"wc-block-grid__products\"><li class=\"wc-block-grid__product\">\n\t\t\t\t<a href=\"https:\/\/zulodesign.com\/pl\/produkt\/zaslony-obrazy-dywany-na-co-zwrocic-uwage-aby-wnetrze-wygladalo-idealnie-miniporadnik\/\" class=\"wc-block-grid__product-link\">\n\t\t\t\t\t\n\t\t\t\t\t<div class=\"wc-block-grid__product-image\"><img loading=\"lazy\" decoding=\"async\" width=\"300\" height=\"300\" src=\"https:\/\/zulodesign.com\/wp-content\/uploads\/2024\/04\/Ebook_-300x300.png\" class=\"attachment-woocommerce_thumbnail size-woocommerce_thumbnail\" alt=\"Zas\u0142ony, obrazy, dywany \u2013 na co zwr\u00f3ci\u0107 uwag\u0119, aby wn\u0119trze wygl\u0105da\u0142o idealnie? MINIPORADNIK\" srcset=\"https:\/\/zulodesign.com\/wp-content\/uploads\/2024\/04\/Ebook_-300x300.png 300w, https:\/\/zulodesign.com\/wp-content\/uploads\/2024\/04\/Ebook_-1024x1024.png 1024w, https:\/\/zulodesign.com\/wp-content\/uploads\/2024\/04\/Ebook_-150x150.png 150w, https:\/\/zulodesign.com\/wp-content\/uploads\/2024\/04\/Ebook_-768x768.png 768w, https:\/\/zulodesign.com\/wp-content\/uploads\/2024\/04\/Ebook_-1536x1536.png 1536w, https:\/\/zulodesign.com\/wp-content\/uploads\/2024\/04\/Ebook_-285x285.png 285w, https:\/\/zulodesign.com\/wp-content\/uploads\/2024\/04\/Ebook_-330x330.png 330w, https:\/\/zulodesign.com\/wp-content\/uploads\/2024\/04\/Ebook_-411x411.png 411w, https:\/\/zulodesign.com\/wp-content\/uploads\/2024\/04\/Ebook_-600x600.png 600w, https:\/\/zulodesign.com\/wp-content\/uploads\/2024\/04\/Ebook_-100x100.png 100w, https:\/\/zulodesign.com\/wp-content\/uploads\/2024\/04\/Ebook_.png 2000w\" sizes=\"auto, (max-width: 300px) 100vw, 300px\" \/><\/div>\n\t\t\t\t\t<div class=\"wc-block-grid__product-title\">Zas\u0142ony, obrazy, dywany \u2013 na co zwr\u00f3ci\u0107 uwag\u0119, aby wn\u0119trze wygl\u0105da\u0142o idealnie? MINIPORADNIK<\/div>\n\t\t\t\t<\/a>\n\t\t\t\t<div class=\"wc-block-grid__product-price price\"><span class=\"woocommerce-Price-amount amount\">39,00&nbsp;<span class=\"woocommerce-Price-currencySymbol\">&#122;&#322;<\/span><\/span><\/div>\n\t\t\t\t\n\t\t\t\t<div class=\"wp-block-button wc-block-grid__product-add-to-cart\"><a href=\"\/pl\/wp-json\/wp\/v2\/pages\/206?add-to-cart=1865\" aria-label=\"Dodaj do koszyka: &bdquo;Zas\u0142ony, obrazy, dywany \u2013 na co zwr\u00f3ci\u0107 uwag\u0119, aby wn\u0119trze wygl\u0105da\u0142o idealnie? MINIPORADNIK&rdquo;\" data-quantity=\"1\" data-product_id=\"1865\" data-product_sku=\"\" data-price=\"39\" rel=\"nofollow\" class=\"wp-block-button__link  add_to_cart_button ajax_add_to_cart\">Dodaj do koszyka<\/a><\/div>\n\t\t\t<\/li><li class=\"wc-block-grid__product\">\n\t\t\t\t<a href=\"https:\/\/zulodesign.com\/pl\/produkt\/lorem-ipsum-dolor-sit-amet-consectetur-kopia\/\" class=\"wc-block-grid__product-link\">\n\t\t\t\t\t\n\t\t\t\t\t<div class=\"wc-block-grid__product-image\"><img loading=\"lazy\" decoding=\"async\" width=\"300\" height=\"300\" src=\"https:\/\/zulodesign.com\/wp-content\/uploads\/2024\/01\/1-2-300x300.png\" class=\"attachment-woocommerce_thumbnail size-woocommerce_thumbnail\" alt=\"Kosztorys i harmonogram prac wyko\u0144czeniowych + przyk\u0142adowa lista zakupowa\" srcset=\"https:\/\/zulodesign.com\/wp-content\/uploads\/2024\/01\/1-2-300x300.png 300w, https:\/\/zulodesign.com\/wp-content\/uploads\/2024\/01\/1-2-150x150.png 150w, https:\/\/zulodesign.com\/wp-content\/uploads\/2024\/01\/1-2-100x100.png 100w\" sizes=\"auto, (max-width: 300px) 100vw, 300px\" \/><\/div>\n\t\t\t\t\t<div class=\"wc-block-grid__product-title\">Kosztorys i harmonogram prac wyko\u0144czeniowych + przyk\u0142adowa lista zakupowa<\/div>\n\t\t\t\t<\/a>\n\t\t\t\t<div class=\"wc-block-grid__product-price price\"><span class=\"woocommerce-Price-amount amount\">299,00&nbsp;<span class=\"woocommerce-Price-currencySymbol\">&#122;&#322;<\/span><\/span><\/div>\n\t\t\t\t\n\t\t\t\t<div class=\"wp-block-button wc-block-grid__product-add-to-cart\"><a href=\"\/pl\/wp-json\/wp\/v2\/pages\/206?add-to-cart=225\" aria-label=\"Dodaj do koszyka: &bdquo;Kosztorys i harmonogram prac wyko\u0144czeniowych + przyk\u0142adowa lista zakupowa&rdquo;\" data-quantity=\"1\" data-product_id=\"225\" data-product_sku=\"\" data-price=\"299\" rel=\"nofollow\" class=\"wp-block-button__link  add_to_cart_button ajax_add_to_cart\">Dodaj do koszyka<\/a><\/div>\n\t\t\t<\/li><li class=\"wc-block-grid__product\">\n\t\t\t\t<a href=\"https:\/\/zulodesign.com\/pl\/produkt\/lorem-ipsum-dolor-sit-amet-consectetur\/\" class=\"wc-block-grid__product-link\">\n\t\t\t\t\t\n\t\t\t\t\t<div class=\"wc-block-grid__product-image\"><img loading=\"lazy\" decoding=\"async\" width=\"300\" height=\"300\" src=\"https:\/\/zulodesign.com\/wp-content\/uploads\/2024\/01\/Umowa_1-300x300.png\" class=\"attachment-woocommerce_thumbnail size-woocommerce_thumbnail\" alt=\"Umowa remontowa z ekip\u0105\" srcset=\"https:\/\/zulodesign.com\/wp-content\/uploads\/2024\/01\/Umowa_1-300x300.png 300w, https:\/\/zulodesign.com\/wp-content\/uploads\/2024\/01\/Umowa_1-150x150.png 150w, https:\/\/zulodesign.com\/wp-content\/uploads\/2024\/01\/Umowa_1-100x100.png 100w\" sizes=\"auto, (max-width: 300px) 100vw, 300px\" \/><\/div>\n\t\t\t\t\t<div class=\"wc-block-grid__product-title\">Umowa remontowa z ekip\u0105<\/div>\n\t\t\t\t<\/a>\n\t\t\t\t<div class=\"wc-block-grid__product-price price\"><span class=\"woocommerce-Price-amount amount\">149,00&nbsp;<span class=\"woocommerce-Price-currencySymbol\">&#122;&#322;<\/span><\/span><\/div>\n\t\t\t\t\n\t\t\t\t<div class=\"wp-block-button wc-block-grid__product-add-to-cart\"><a href=\"\/pl\/wp-json\/wp\/v2\/pages\/206?add-to-cart=218\" aria-label=\"Dodaj do koszyka: &bdquo;Umowa remontowa z ekip\u0105&rdquo;\" data-quantity=\"1\" data-product_id=\"218\" data-product_sku=\"\" data-price=\"149\" rel=\"nofollow\" class=\"wp-block-button__link  add_to_cart_button ajax_add_to_cart\">Dodaj do koszyka<\/a><\/div>\n\t\t\t<\/li><\/ul><\/div><\/div>\n<\/div>\n","protected":false},"excerpt":{"rendered":"","protected":false},"author":1,"featured_media":0,"parent":0,"menu_order":0,"comment_status":"closed","ping_status":"closed","template":"","meta":{"footnotes":""},"class_list":["post-206","page","type-page","status-publish","hentry"],"acf":[],"yoast_head":"<!-- This site is optimized with the Yoast SEO plugin v27.3 - https:\/\/yoast.com\/product\/yoast-seo-wordpress\/ -->\n<title>Koszyk - Zulo Design<\/title>\n<meta name=\"robots\" content=\"index, follow, max-snippet:-1, max-image-preview:large, max-video-preview:-1\" \/>\n<link rel=\"canonical\" href=\"https:\/\/zulodesign.com\/pl\/koszyk\/\" \/>\n<meta property=\"og:locale\" content=\"pl_PL\" \/>\n<meta property=\"og:type\" content=\"article\" \/>\n<meta property=\"og:title\" content=\"Koszyk - Zulo Design\" \/>\n<meta property=\"og:url\" content=\"https:\/\/zulodesign.com\/pl\/koszyk\/\" \/>\n<meta property=\"og:site_name\" content=\"Zulo Design\" \/>\n<meta property=\"article:publisher\" content=\"https:\/\/www.facebook.com\/ZuloDesignPL\" \/>\n<meta name=\"twitter:card\" content=\"summary_large_image\" \/>\n<script type=\"application\/ld+json\" class=\"yoast-schema-graph\">{\"@context\":\"https:\\\/\\\/schema.org\",\"@graph\":[{\"@type\":\"WebPage\",\"@id\":\"https:\\\/\\\/zulodesign.com\\\/pl\\\/koszyk\\\/\",\"url\":\"https:\\\/\\\/zulodesign.com\\\/pl\\\/koszyk\\\/\",\"name\":\"Koszyk - Zulo Design\",\"isPartOf\":{\"@id\":\"https:\\\/\\\/zulodesign.com\\\/#website\"},\"datePublished\":\"2024-01-03T11:20:53+00:00\",\"breadcrumb\":{\"@id\":\"https:\\\/\\\/zulodesign.com\\\/pl\\\/koszyk\\\/#breadcrumb\"},\"inLanguage\":\"pl-PL\",\"potentialAction\":[{\"@type\":\"ReadAction\",\"target\":[\"https:\\\/\\\/zulodesign.com\\\/pl\\\/koszyk\\\/\"]}]},{\"@type\":\"BreadcrumbList\",\"@id\":\"https:\\\/\\\/zulodesign.com\\\/pl\\\/koszyk\\\/#breadcrumb\",\"itemListElement\":[{\"@type\":\"ListItem\",\"position\":1,\"name\":\"Strona g\u0142\u00f3wna\",\"item\":\"https:\\\/\\\/zulodesign.com\\\/pl\\\/\"},{\"@type\":\"ListItem\",\"position\":2,\"name\":\"Koszyk\"}]},{\"@type\":\"WebSite\",\"@id\":\"https:\\\/\\\/zulodesign.com\\\/#website\",\"url\":\"https:\\\/\\\/zulodesign.com\\\/\",\"name\":\"Zulo Design\",\"description\":\"Interior &amp; Furniture Design\",\"publisher\":{\"@id\":\"https:\\\/\\\/zulodesign.com\\\/#organization\"},\"potentialAction\":[{\"@type\":\"SearchAction\",\"target\":{\"@type\":\"EntryPoint\",\"urlTemplate\":\"https:\\\/\\\/zulodesign.com\\\/?s={search_term_string}\"},\"query-input\":{\"@type\":\"PropertyValueSpecification\",\"valueRequired\":true,\"valueName\":\"search_term_string\"}}],\"inLanguage\":\"pl-PL\"},{\"@type\":\"Organization\",\"@id\":\"https:\\\/\\\/zulodesign.com\\\/#organization\",\"name\":\"Zulo Design\",\"url\":\"https:\\\/\\\/zulodesign.com\\\/\",\"logo\":{\"@type\":\"ImageObject\",\"inLanguage\":\"pl-PL\",\"@id\":\"https:\\\/\\\/zulodesign.com\\\/#\\\/schema\\\/logo\\\/image\\\/\",\"url\":\"https:\\\/\\\/zulodesign.com\\\/wp-content\\\/uploads\\\/2024\\\/01\\\/logo-5_1.svg\",\"contentUrl\":\"https:\\\/\\\/zulodesign.com\\\/wp-content\\\/uploads\\\/2024\\\/01\\\/logo-5_1.svg\",\"width\":170,\"height\":56,\"caption\":\"Zulo Design\"},\"image\":{\"@id\":\"https:\\\/\\\/zulodesign.com\\\/#\\\/schema\\\/logo\\\/image\\\/\"},\"sameAs\":[\"https:\\\/\\\/www.facebook.com\\\/ZuloDesignPL\"]}]}<\/script>\n<!-- \/ Yoast SEO plugin. -->","yoast_head_json":{"title":"Koszyk - Zulo Design","robots":{"index":"index","follow":"follow","max-snippet":"max-snippet:-1","max-image-preview":"max-image-preview:large","max-video-preview":"max-video-preview:-1"},"canonical":"https:\/\/zulodesign.com\/pl\/koszyk\/","og_locale":"pl_PL","og_type":"article","og_title":"Koszyk - Zulo Design","og_url":"https:\/\/zulodesign.com\/pl\/koszyk\/","og_site_name":"Zulo Design","article_publisher":"https:\/\/www.facebook.com\/ZuloDesignPL","twitter_card":"summary_large_image","schema":{"@context":"https:\/\/schema.org","@graph":[{"@type":"WebPage","@id":"https:\/\/zulodesign.com\/pl\/koszyk\/","url":"https:\/\/zulodesign.com\/pl\/koszyk\/","name":"Koszyk - Zulo Design","isPartOf":{"@id":"https:\/\/zulodesign.com\/#website"},"datePublished":"2024-01-03T11:20:53+00:00","breadcrumb":{"@id":"https:\/\/zulodesign.com\/pl\/koszyk\/#breadcrumb"},"inLanguage":"pl-PL","potentialAction":[{"@type":"ReadAction","target":["https:\/\/zulodesign.com\/pl\/koszyk\/"]}]},{"@type":"BreadcrumbList","@id":"https:\/\/zulodesign.com\/pl\/koszyk\/#breadcrumb","itemListElement":[{"@type":"ListItem","position":1,"name":"Strona g\u0142\u00f3wna","item":"https:\/\/zulodesign.com\/pl\/"},{"@type":"ListItem","position":2,"name":"Koszyk"}]},{"@type":"WebSite","@id":"https:\/\/zulodesign.com\/#website","url":"https:\/\/zulodesign.com\/","name":"Zulo Design","description":"Interior &amp; Furniture Design","publisher":{"@id":"https:\/\/zulodesign.com\/#organization"},"potentialAction":[{"@type":"SearchAction","target":{"@type":"EntryPoint","urlTemplate":"https:\/\/zulodesign.com\/?s={search_term_string}"},"query-input":{"@type":"PropertyValueSpecification","valueRequired":true,"valueName":"search_term_string"}}],"inLanguage":"pl-PL"},{"@type":"Organization","@id":"https:\/\/zulodesign.com\/#organization","name":"Zulo Design","url":"https:\/\/zulodesign.com\/","logo":{"@type":"ImageObject","inLanguage":"pl-PL","@id":"https:\/\/zulodesign.com\/#\/schema\/logo\/image\/","url":"https:\/\/zulodesign.com\/wp-content\/uploads\/2024\/01\/logo-5_1.svg","contentUrl":"https:\/\/zulodesign.com\/wp-content\/uploads\/2024\/01\/logo-5_1.svg","width":170,"height":56,"caption":"Zulo Design"},"image":{"@id":"https:\/\/zulodesign.com\/#\/schema\/logo\/image\/"},"sameAs":["https:\/\/www.facebook.com\/ZuloDesignPL"]}]}},"_links":{"self":[{"href":"https:\/\/zulodesign.com\/pl\/wp-json\/wp\/v2\/pages\/206","targetHints":{"allow":["GET"]}}],"collection":[{"href":"https:\/\/zulodesign.com\/pl\/wp-json\/wp\/v2\/pages"}],"about":[{"href":"https:\/\/zulodesign.com\/pl\/wp-json\/wp\/v2\/types\/page"}],"author":[{"embeddable":true,"href":"https:\/\/zulodesign.com\/pl\/wp-json\/wp\/v2\/users\/1"}],"replies":[{"embeddable":true,"href":"https:\/\/zulodesign.com\/pl\/wp-json\/wp\/v2\/comments?post=206"}],"version-history":[{"count":0,"href":"https:\/\/zulodesign.com\/pl\/wp-json\/wp\/v2\/pages\/206\/revisions"}],"wp:attachment":[{"href":"https:\/\/zulodesign.com\/pl\/wp-json\/wp\/v2\/media?parent=206"}],"curies":[{"name":"wp","href":"https:\/\/api.w.org\/{rel}","templated":true}]}}