{"id":1865,"date":"2024-04-17T11:51:06","date_gmt":"2024-04-17T11:51:06","guid":{"rendered":"https:\/\/zulodesign.com\/produkt\/zaslony-obrazy-dywany-na-co-zwrocic-uwage-aby-wnetrze-wygladalo-idealnie-miniporadnik\/"},"modified":"2024-04-25T09:32:36","modified_gmt":"2024-04-25T09:32:36","slug":"zaslony-obrazy-dywany-na-co-zwrocic-uwage-aby-wnetrze-wygladalo-idealnie-miniporadnik","status":"publish","type":"product","link":"https:\/\/zulodesign.com\/pl\/produkt\/zaslony-obrazy-dywany-na-co-zwrocic-uwage-aby-wnetrze-wygladalo-idealnie-miniporadnik\/","title":{"rendered":"Zas\u0142ony, obrazy, dywany \u2013 na co zwr\u00f3ci\u0107 uwag\u0119, aby wn\u0119trze wygl\u0105da\u0142o idealnie? MINIPORADNIK"},"content":{"rendered":"<p>Marzysz o idealnym wn\u0119trzu, ale nie wiesz od czego zacz\u0105\u0107? Widzisz, \u017ce czego\u015b mu brakuje wn\u0119trzu, ale nie wiesz czego? A mo\u017ce remont w\u0142asnie dobiega ko\u0144ca i potrzbujesz konkretnych porad jak dobra\u0107 ostatnie rzeczy? Nasz MINIPORADNIK jest tutaj, aby Ci pom\u00f3c! Dowiedz si\u0119, jak zawiesi\u0107 zas\u0142ony tak, by tworzy\u0142y pi\u0119kny akcent w Twoim domu. Odkryj tajniki uk\u0142adania dywan\u00f3w i jak dobra\u0107 odpowiedni rozmiar do Twojego pomieszczenia. Zobacz, na jakiej wysoko\u015bci zawiesi\u0107 karnisze, aby uzyska\u0107 harmonijn\u0105 kompozycj\u0119. A je\u015bli chodzi o obrazy, podpowiemy Ci najlepsze metody zawieszania ich na \u015bcianach. Przygotuj si\u0119 na transformacj\u0119 swojego wn\u0119trza i ciesz si\u0119 pi\u0119knem ka\u017cdego detalu!<\/p>\n","protected":false},"excerpt":{"rendered":"<p>Oto MINIPORADNIK, kt\u00f3ry o\u015bwietli Ci drog\u0119 do harmonii i pi\u0119kna w Twoim domu! Dzi\u0119ki niemu dowiesz si\u0119, jak zawiesza\u0107 zas\u0142ony tak, by wprowadzi\u0107 subtelny urok do ka\u017cdego pomieszczenia. Odkryjesz r\u00f3wnie\u017c tajniki uk\u0142adania dywan\u00f3w \u2013 jak dobiera\u0107 rozmiar, jakie kolory wybra\u0107 i jakie wzory harmonizuj\u0105 z reszt\u0105 wystroju. A to nie wszystko! Z naszym poradnikiem dowiesz si\u0119 tak\u017ce, na jakiej wysoko\u015bci powinny by\u0107 zawieszone karnisze oraz jak pi\u0119knie i proporcjonalnie wiesza\u0107 obrazy na \u015bcianach. Przygotuj si\u0119 na transformacj\u0119 swojego wn\u0119trza \u2013 czas na doskona\u0142o\u015b\u0107 w ka\u017cdym detalu!<\/p>\n","protected":false},"featured_media":1674,"template":"","meta":[],"product_brand":[],"product_cat":[],"product_tag":[],"class_list":{"0":"post-1865","1":"product","2":"type-product","3":"status-publish","4":"has-post-thumbnail","7":"first","8":"instock","9":"downloadable","10":"shipping-taxable","11":"purchasable","12":"product-type-simple"},"acf":[],"yoast_head":"<!-- This site is optimized with the Yoast SEO plugin v27.3 - https:\/\/yoast.com\/product\/yoast-seo-wordpress\/ -->\n<title>Zas\u0142ony, obrazy, dywany \u2013 na co zwr\u00f3ci\u0107 uwag\u0119, aby wn\u0119trze wygl\u0105da\u0142o idealnie? MINIPORADNIK - Zulo Design<\/title>\n<meta name=\"robots\" content=\"index, follow, max-snippet:-1, max-image-preview:large, max-video-preview:-1\" \/>\n<link rel=\"canonical\" href=\"https:\/\/zulodesign.com\/pl\/produkt\/zaslony-obrazy-dywany-na-co-zwrocic-uwage-aby-wnetrze-wygladalo-idealnie-miniporadnik\/\" \/>\n<meta property=\"og:locale\" content=\"pl_PL\" \/>\n<meta property=\"og:type\" content=\"article\" \/>\n<meta property=\"og:title\" content=\"Zas\u0142ony, obrazy, dywany \u2013 na co zwr\u00f3ci\u0107 uwag\u0119, aby wn\u0119trze wygl\u0105da\u0142o idealnie? MINIPORADNIK - Zulo Design\" \/>\n<meta property=\"og:description\" content=\"Oto MINIPORADNIK, kt\u00f3ry o\u015bwietli Ci drog\u0119 do harmonii i pi\u0119kna w Twoim domu! Dzi\u0119ki niemu dowiesz si\u0119, jak zawiesza\u0107 zas\u0142ony tak, by wprowadzi\u0107 subtelny urok do ka\u017cdego pomieszczenia. Odkryjesz r\u00f3wnie\u017c tajniki uk\u0142adania dywan\u00f3w \u2013 jak dobiera\u0107 rozmiar, jakie kolory wybra\u0107 i jakie wzory harmonizuj\u0105 z reszt\u0105 wystroju. A to nie wszystko! Z naszym poradnikiem dowiesz si\u0119 tak\u017ce, na jakiej wysoko\u015bci powinny by\u0107 zawieszone karnisze oraz jak pi\u0119knie i proporcjonalnie wiesza\u0107 obrazy na \u015bcianach. Przygotuj si\u0119 na transformacj\u0119 swojego wn\u0119trza \u2013 czas na doskona\u0142o\u015b\u0107 w ka\u017cdym detalu!\" \/>\n<meta property=\"og:url\" content=\"https:\/\/zulodesign.com\/pl\/produkt\/zaslony-obrazy-dywany-na-co-zwrocic-uwage-aby-wnetrze-wygladalo-idealnie-miniporadnik\/\" \/>\n<meta property=\"og:site_name\" content=\"Zulo Design\" \/>\n<meta property=\"article:publisher\" content=\"https:\/\/www.facebook.com\/ZuloDesignPL\" \/>\n<meta property=\"article:modified_time\" content=\"2024-04-25T09:32:36+00:00\" \/>\n<meta property=\"og:image\" content=\"https:\/\/zulodesign.com\/wp-content\/uploads\/2024\/04\/Ebook_.png\" \/>\n\t<meta property=\"og:image:width\" content=\"2000\" \/>\n\t<meta property=\"og:image:height\" content=\"2000\" \/>\n\t<meta property=\"og:image:type\" content=\"image\/png\" \/>\n<meta name=\"twitter:card\" content=\"summary_large_image\" \/>\n<meta name=\"twitter:label1\" content=\"Szacowany czas czytania\" \/>\n\t<meta name=\"twitter:data1\" content=\"1 minuta\" \/>\n<script type=\"application\/ld+json\" class=\"yoast-schema-graph\">{\"@context\":\"https:\\\/\\\/schema.org\",\"@graph\":[{\"@type\":\"WebPage\",\"@id\":\"https:\\\/\\\/zulodesign.com\\\/pl\\\/produkt\\\/zaslony-obrazy-dywany-na-co-zwrocic-uwage-aby-wnetrze-wygladalo-idealnie-miniporadnik\\\/\",\"url\":\"https:\\\/\\\/zulodesign.com\\\/pl\\\/produkt\\\/zaslony-obrazy-dywany-na-co-zwrocic-uwage-aby-wnetrze-wygladalo-idealnie-miniporadnik\\\/\",\"name\":\"Zas\u0142ony, obrazy, dywany \u2013 na co zwr\u00f3ci\u0107 uwag\u0119, aby wn\u0119trze wygl\u0105da\u0142o idealnie? MINIPORADNIK - Zulo Design\",\"isPartOf\":{\"@id\":\"https:\\\/\\\/zulodesign.com\\\/#website\"},\"primaryImageOfPage\":{\"@id\":\"https:\\\/\\\/zulodesign.com\\\/pl\\\/produkt\\\/zaslony-obrazy-dywany-na-co-zwrocic-uwage-aby-wnetrze-wygladalo-idealnie-miniporadnik\\\/#primaryimage\"},\"image\":{\"@id\":\"https:\\\/\\\/zulodesign.com\\\/pl\\\/produkt\\\/zaslony-obrazy-dywany-na-co-zwrocic-uwage-aby-wnetrze-wygladalo-idealnie-miniporadnik\\\/#primaryimage\"},\"thumbnailUrl\":\"https:\\\/\\\/zulodesign.com\\\/wp-content\\\/uploads\\\/2024\\\/04\\\/Ebook_.png\",\"datePublished\":\"2024-04-17T11:51:06+00:00\",\"dateModified\":\"2024-04-25T09:32:36+00:00\",\"breadcrumb\":{\"@id\":\"https:\\\/\\\/zulodesign.com\\\/pl\\\/produkt\\\/zaslony-obrazy-dywany-na-co-zwrocic-uwage-aby-wnetrze-wygladalo-idealnie-miniporadnik\\\/#breadcrumb\"},\"inLanguage\":\"pl-PL\",\"potentialAction\":[{\"@type\":\"ReadAction\",\"target\":[\"https:\\\/\\\/zulodesign.com\\\/pl\\\/produkt\\\/zaslony-obrazy-dywany-na-co-zwrocic-uwage-aby-wnetrze-wygladalo-idealnie-miniporadnik\\\/\"]}]},{\"@type\":\"ImageObject\",\"inLanguage\":\"pl-PL\",\"@id\":\"https:\\\/\\\/zulodesign.com\\\/pl\\\/produkt\\\/zaslony-obrazy-dywany-na-co-zwrocic-uwage-aby-wnetrze-wygladalo-idealnie-miniporadnik\\\/#primaryimage\",\"url\":\"https:\\\/\\\/zulodesign.com\\\/wp-content\\\/uploads\\\/2024\\\/04\\\/Ebook_.png\",\"contentUrl\":\"https:\\\/\\\/zulodesign.com\\\/wp-content\\\/uploads\\\/2024\\\/04\\\/Ebook_.png\",\"width\":2000,\"height\":2000},{\"@type\":\"BreadcrumbList\",\"@id\":\"https:\\\/\\\/zulodesign.com\\\/pl\\\/produkt\\\/zaslony-obrazy-dywany-na-co-zwrocic-uwage-aby-wnetrze-wygladalo-idealnie-miniporadnik\\\/#breadcrumb\",\"itemListElement\":[{\"@type\":\"ListItem\",\"position\":1,\"name\":\"Strona g\u0142\u00f3wna\",\"item\":\"https:\\\/\\\/zulodesign.com\\\/pl\\\/\"},{\"@type\":\"ListItem\",\"position\":2,\"name\":\"Products\",\"item\":\"https:\\\/\\\/zulodesign.com\\\/produkty\\\/\"},{\"@type\":\"ListItem\",\"position\":3,\"name\":\"Zas\u0142ony, obrazy, dywany \u2013 na co zwr\u00f3ci\u0107 uwag\u0119, aby wn\u0119trze wygl\u0105da\u0142o idealnie? MINIPORADNIK\"}]},{\"@type\":\"WebSite\",\"@id\":\"https:\\\/\\\/zulodesign.com\\\/#website\",\"url\":\"https:\\\/\\\/zulodesign.com\\\/\",\"name\":\"Zulo Design\",\"description\":\"Interior &amp; Furniture Design\",\"publisher\":{\"@id\":\"https:\\\/\\\/zulodesign.com\\\/#organization\"},\"potentialAction\":[{\"@type\":\"SearchAction\",\"target\":{\"@type\":\"EntryPoint\",\"urlTemplate\":\"https:\\\/\\\/zulodesign.com\\\/?s={search_term_string}\"},\"query-input\":{\"@type\":\"PropertyValueSpecification\",\"valueRequired\":true,\"valueName\":\"search_term_string\"}}],\"inLanguage\":\"pl-PL\"},{\"@type\":\"Organization\",\"@id\":\"https:\\\/\\\/zulodesign.com\\\/#organization\",\"name\":\"Zulo Design\",\"url\":\"https:\\\/\\\/zulodesign.com\\\/\",\"logo\":{\"@type\":\"ImageObject\",\"inLanguage\":\"pl-PL\",\"@id\":\"https:\\\/\\\/zulodesign.com\\\/#\\\/schema\\\/logo\\\/image\\\/\",\"url\":\"https:\\\/\\\/zulodesign.com\\\/wp-content\\\/uploads\\\/2024\\\/01\\\/logo-5_1.svg\",\"contentUrl\":\"https:\\\/\\\/zulodesign.com\\\/wp-content\\\/uploads\\\/2024\\\/01\\\/logo-5_1.svg\",\"width\":170,\"height\":56,\"caption\":\"Zulo Design\"},\"image\":{\"@id\":\"https:\\\/\\\/zulodesign.com\\\/#\\\/schema\\\/logo\\\/image\\\/\"},\"sameAs\":[\"https:\\\/\\\/www.facebook.com\\\/ZuloDesignPL\"]}]}<\/script>\n<!-- \/ Yoast SEO plugin. -->","yoast_head_json":{"title":"Zas\u0142ony, obrazy, dywany \u2013 na co zwr\u00f3ci\u0107 uwag\u0119, aby wn\u0119trze wygl\u0105da\u0142o idealnie? MINIPORADNIK - Zulo Design","robots":{"index":"index","follow":"follow","max-snippet":"max-snippet:-1","max-image-preview":"max-image-preview:large","max-video-preview":"max-video-preview:-1"},"canonical":"https:\/\/zulodesign.com\/pl\/produkt\/zaslony-obrazy-dywany-na-co-zwrocic-uwage-aby-wnetrze-wygladalo-idealnie-miniporadnik\/","og_locale":"pl_PL","og_type":"article","og_title":"Zas\u0142ony, obrazy, dywany \u2013 na co zwr\u00f3ci\u0107 uwag\u0119, aby wn\u0119trze wygl\u0105da\u0142o idealnie? MINIPORADNIK - Zulo Design","og_description":"Oto MINIPORADNIK, kt\u00f3ry o\u015bwietli Ci drog\u0119 do harmonii i pi\u0119kna w Twoim domu! Dzi\u0119ki niemu dowiesz si\u0119, jak zawiesza\u0107 zas\u0142ony tak, by wprowadzi\u0107 subtelny urok do ka\u017cdego pomieszczenia. Odkryjesz r\u00f3wnie\u017c tajniki uk\u0142adania dywan\u00f3w \u2013 jak dobiera\u0107 rozmiar, jakie kolory wybra\u0107 i jakie wzory harmonizuj\u0105 z reszt\u0105 wystroju. A to nie wszystko! Z naszym poradnikiem dowiesz si\u0119 tak\u017ce, na jakiej wysoko\u015bci powinny by\u0107 zawieszone karnisze oraz jak pi\u0119knie i proporcjonalnie wiesza\u0107 obrazy na \u015bcianach. Przygotuj si\u0119 na transformacj\u0119 swojego wn\u0119trza \u2013 czas na doskona\u0142o\u015b\u0107 w ka\u017cdym detalu!","og_url":"https:\/\/zulodesign.com\/pl\/produkt\/zaslony-obrazy-dywany-na-co-zwrocic-uwage-aby-wnetrze-wygladalo-idealnie-miniporadnik\/","og_site_name":"Zulo Design","article_publisher":"https:\/\/www.facebook.com\/ZuloDesignPL","article_modified_time":"2024-04-25T09:32:36+00:00","og_image":[{"width":2000,"height":2000,"url":"https:\/\/zulodesign.com\/wp-content\/uploads\/2024\/04\/Ebook_.png","type":"image\/png"}],"twitter_card":"summary_large_image","twitter_misc":{"Szacowany czas czytania":"1 minuta"},"schema":{"@context":"https:\/\/schema.org","@graph":[{"@type":"WebPage","@id":"https:\/\/zulodesign.com\/pl\/produkt\/zaslony-obrazy-dywany-na-co-zwrocic-uwage-aby-wnetrze-wygladalo-idealnie-miniporadnik\/","url":"https:\/\/zulodesign.com\/pl\/produkt\/zaslony-obrazy-dywany-na-co-zwrocic-uwage-aby-wnetrze-wygladalo-idealnie-miniporadnik\/","name":"Zas\u0142ony, obrazy, dywany \u2013 na co zwr\u00f3ci\u0107 uwag\u0119, aby wn\u0119trze wygl\u0105da\u0142o idealnie? MINIPORADNIK - Zulo Design","isPartOf":{"@id":"https:\/\/zulodesign.com\/#website"},"primaryImageOfPage":{"@id":"https:\/\/zulodesign.com\/pl\/produkt\/zaslony-obrazy-dywany-na-co-zwrocic-uwage-aby-wnetrze-wygladalo-idealnie-miniporadnik\/#primaryimage"},"image":{"@id":"https:\/\/zulodesign.com\/pl\/produkt\/zaslony-obrazy-dywany-na-co-zwrocic-uwage-aby-wnetrze-wygladalo-idealnie-miniporadnik\/#primaryimage"},"thumbnailUrl":"https:\/\/zulodesign.com\/wp-content\/uploads\/2024\/04\/Ebook_.png","datePublished":"2024-04-17T11:51:06+00:00","dateModified":"2024-04-25T09:32:36+00:00","breadcrumb":{"@id":"https:\/\/zulodesign.com\/pl\/produkt\/zaslony-obrazy-dywany-na-co-zwrocic-uwage-aby-wnetrze-wygladalo-idealnie-miniporadnik\/#breadcrumb"},"inLanguage":"pl-PL","potentialAction":[{"@type":"ReadAction","target":["https:\/\/zulodesign.com\/pl\/produkt\/zaslony-obrazy-dywany-na-co-zwrocic-uwage-aby-wnetrze-wygladalo-idealnie-miniporadnik\/"]}]},{"@type":"ImageObject","inLanguage":"pl-PL","@id":"https:\/\/zulodesign.com\/pl\/produkt\/zaslony-obrazy-dywany-na-co-zwrocic-uwage-aby-wnetrze-wygladalo-idealnie-miniporadnik\/#primaryimage","url":"https:\/\/zulodesign.com\/wp-content\/uploads\/2024\/04\/Ebook_.png","contentUrl":"https:\/\/zulodesign.com\/wp-content\/uploads\/2024\/04\/Ebook_.png","width":2000,"height":2000},{"@type":"BreadcrumbList","@id":"https:\/\/zulodesign.com\/pl\/produkt\/zaslony-obrazy-dywany-na-co-zwrocic-uwage-aby-wnetrze-wygladalo-idealnie-miniporadnik\/#breadcrumb","itemListElement":[{"@type":"ListItem","position":1,"name":"Strona g\u0142\u00f3wna","item":"https:\/\/zulodesign.com\/pl\/"},{"@type":"ListItem","position":2,"name":"Products","item":"https:\/\/zulodesign.com\/produkty\/"},{"@type":"ListItem","position":3,"name":"Zas\u0142ony, obrazy, dywany \u2013 na co zwr\u00f3ci\u0107 uwag\u0119, aby wn\u0119trze wygl\u0105da\u0142o idealnie? MINIPORADNIK"}]},{"@type":"WebSite","@id":"https:\/\/zulodesign.com\/#website","url":"https:\/\/zulodesign.com\/","name":"Zulo Design","description":"Interior &amp; Furniture Design","publisher":{"@id":"https:\/\/zulodesign.com\/#organization"},"potentialAction":[{"@type":"SearchAction","target":{"@type":"EntryPoint","urlTemplate":"https:\/\/zulodesign.com\/?s={search_term_string}"},"query-input":{"@type":"PropertyValueSpecification","valueRequired":true,"valueName":"search_term_string"}}],"inLanguage":"pl-PL"},{"@type":"Organization","@id":"https:\/\/zulodesign.com\/#organization","name":"Zulo Design","url":"https:\/\/zulodesign.com\/","logo":{"@type":"ImageObject","inLanguage":"pl-PL","@id":"https:\/\/zulodesign.com\/#\/schema\/logo\/image\/","url":"https:\/\/zulodesign.com\/wp-content\/uploads\/2024\/01\/logo-5_1.svg","contentUrl":"https:\/\/zulodesign.com\/wp-content\/uploads\/2024\/01\/logo-5_1.svg","width":170,"height":56,"caption":"Zulo Design"},"image":{"@id":"https:\/\/zulodesign.com\/#\/schema\/logo\/image\/"},"sameAs":["https:\/\/www.facebook.com\/ZuloDesignPL"]}]}},"_links":{"self":[{"href":"https:\/\/zulodesign.com\/pl\/wp-json\/wp\/v2\/product\/1865","targetHints":{"allow":["GET"]}}],"collection":[{"href":"https:\/\/zulodesign.com\/pl\/wp-json\/wp\/v2\/product"}],"about":[{"href":"https:\/\/zulodesign.com\/pl\/wp-json\/wp\/v2\/types\/product"}],"wp:featuredmedia":[{"embeddable":true,"href":"https:\/\/zulodesign.com\/pl\/wp-json\/wp\/v2\/media\/1674"}],"wp:attachment":[{"href":"https:\/\/zulodesign.com\/pl\/wp-json\/wp\/v2\/media?parent=1865"}],"wp:term":[{"taxonomy":"product_brand","embeddable":true,"href":"https:\/\/zulodesign.com\/pl\/wp-json\/wp\/v2\/product_brand?post=1865"},{"taxonomy":"product_cat","embeddable":true,"href":"https:\/\/zulodesign.com\/pl\/wp-json\/wp\/v2\/product_cat?post=1865"},{"taxonomy":"product_tag","embeddable":true,"href":"https:\/\/zulodesign.com\/pl\/wp-json\/wp\/v2\/product_tag?post=1865"}],"curies":[{"name":"wp","href":"https:\/\/api.w.org\/{rel}","templated":true}]}}