{"id":218,"date":"2024-01-03T11:34:01","date_gmt":"2024-01-03T11:34:01","guid":{"rendered":"http:\/\/zulodesign.com\/?post_type=product&#038;p=218"},"modified":"2024-04-17T10:58:33","modified_gmt":"2024-04-17T10:58:33","slug":"lorem-ipsum-dolor-sit-amet-consectetur","status":"publish","type":"product","link":"https:\/\/zulodesign.com\/pl\/produkt\/lorem-ipsum-dolor-sit-amet-consectetur\/","title":{"rendered":"Umowa remontowa z ekip\u0105"},"content":{"rendered":"<p>Co znajdziesz w \u015brodku?<\/p>\n<ul>\n<li>zapisy umowne chroni\u0105ce Ciebie i fachowc\u00f3w przed niedom\u00f3wieniami,<\/li>\n<li>propozycj\u0119 podzia\u0142u prac i p\u0142atno\u015bci,<\/li>\n<li>protok\u00f3\u0142 odbioru prac.<\/li>\n<\/ul>\n<p>Uwaga! Dalsze rozpowszechnianie umowy jest zabronione. Zulo Design nie ponosi odpowiedzialno\u015bci za negatywne skutki powsta\u0142e z tytu\u0142u niew\u0142a\u015bciwie u\u017cytej umowy.<\/p>\n","protected":false},"excerpt":{"rendered":"<p>Je\u015bli zale\u017cy Ci na sprawnie wykonanej pracy, braku niedom\u00f3wie\u0144, uczciwym podej\u015bciu ze strony fachowc\u00f3w i jasno okre\u015blonych warunk\u00f3w wsp\u00f3\u0142pracy \u2013 umowa remontowa zosta\u0142a przygotowana w\u0142a\u015bnie dla Ciebie.<\/p>\n","protected":false},"featured_media":1655,"template":"","meta":[],"product_brand":[],"product_cat":[15],"product_tag":[],"class_list":{"0":"post-218","1":"product","2":"type-product","3":"status-publish","4":"has-post-thumbnail","6":"product_cat-bez-kategorii","8":"first","9":"instock","10":"downloadable","11":"shipping-taxable","12":"purchasable","13":"product-type-simple"},"acf":[],"yoast_head":"<!-- This site is optimized with the Yoast SEO plugin v27.3 - https:\/\/yoast.com\/product\/yoast-seo-wordpress\/ -->\n<title>Umowa remontowa z ekip\u0105 - Zulo Design<\/title>\n<meta name=\"robots\" content=\"index, follow, max-snippet:-1, max-image-preview:large, max-video-preview:-1\" \/>\n<link rel=\"canonical\" href=\"https:\/\/zulodesign.com\/produkt\/lorem-ipsum-dolor-sit-amet-consectetur\/\" \/>\n<meta property=\"og:locale\" content=\"pl_PL\" \/>\n<meta property=\"og:type\" content=\"article\" \/>\n<meta property=\"og:title\" content=\"Umowa remontowa z ekip\u0105 - Zulo Design\" \/>\n<meta property=\"og:description\" content=\"Je\u015bli zale\u017cy Ci na sprawnie wykonanej pracy, braku niedom\u00f3wie\u0144, uczciwym podej\u015bciu ze strony fachowc\u00f3w i jasno okre\u015blonych warunk\u00f3w wsp\u00f3\u0142pracy \u2013 umowa remontowa zosta\u0142a przygotowana w\u0142a\u015bnie dla Ciebie.\" \/>\n<meta property=\"og:url\" content=\"https:\/\/zulodesign.com\/produkt\/lorem-ipsum-dolor-sit-amet-consectetur\/\" \/>\n<meta property=\"og:site_name\" content=\"Zulo Design\" \/>\n<meta property=\"article:publisher\" content=\"https:\/\/www.facebook.com\/ZuloDesignPL\" \/>\n<meta property=\"article:modified_time\" content=\"2024-04-17T10:58:33+00:00\" \/>\n<meta property=\"og:image\" content=\"https:\/\/zulodesign.com\/wp-content\/uploads\/2024\/01\/Umowa_1-1024x768.png\" \/>\n\t<meta property=\"og:image:width\" content=\"1024\" \/>\n\t<meta property=\"og:image:height\" content=\"768\" \/>\n\t<meta property=\"og:image:type\" content=\"image\/png\" \/>\n<meta name=\"twitter:card\" content=\"summary_large_image\" \/>\n<script type=\"application\/ld+json\" class=\"yoast-schema-graph\">{\"@context\":\"https:\\\/\\\/schema.org\",\"@graph\":[{\"@type\":\"WebPage\",\"@id\":\"https:\\\/\\\/zulodesign.com\\\/produkt\\\/lorem-ipsum-dolor-sit-amet-consectetur\\\/\",\"url\":\"https:\\\/\\\/zulodesign.com\\\/produkt\\\/lorem-ipsum-dolor-sit-amet-consectetur\\\/\",\"name\":\"Umowa remontowa z ekip\u0105 - Zulo Design\",\"isPartOf\":{\"@id\":\"https:\\\/\\\/zulodesign.com\\\/#website\"},\"primaryImageOfPage\":{\"@id\":\"https:\\\/\\\/zulodesign.com\\\/produkt\\\/lorem-ipsum-dolor-sit-amet-consectetur\\\/#primaryimage\"},\"image\":{\"@id\":\"https:\\\/\\\/zulodesign.com\\\/produkt\\\/lorem-ipsum-dolor-sit-amet-consectetur\\\/#primaryimage\"},\"thumbnailUrl\":\"https:\\\/\\\/zulodesign.com\\\/wp-content\\\/uploads\\\/2024\\\/01\\\/Umowa_1.png\",\"datePublished\":\"2024-01-03T11:34:01+00:00\",\"dateModified\":\"2024-04-17T10:58:33+00:00\",\"breadcrumb\":{\"@id\":\"https:\\\/\\\/zulodesign.com\\\/produkt\\\/lorem-ipsum-dolor-sit-amet-consectetur\\\/#breadcrumb\"},\"inLanguage\":\"pl-PL\",\"potentialAction\":[{\"@type\":\"ReadAction\",\"target\":[\"https:\\\/\\\/zulodesign.com\\\/produkt\\\/lorem-ipsum-dolor-sit-amet-consectetur\\\/\"]}]},{\"@type\":\"ImageObject\",\"inLanguage\":\"pl-PL\",\"@id\":\"https:\\\/\\\/zulodesign.com\\\/produkt\\\/lorem-ipsum-dolor-sit-amet-consectetur\\\/#primaryimage\",\"url\":\"https:\\\/\\\/zulodesign.com\\\/wp-content\\\/uploads\\\/2024\\\/01\\\/Umowa_1.png\",\"contentUrl\":\"https:\\\/\\\/zulodesign.com\\\/wp-content\\\/uploads\\\/2024\\\/01\\\/Umowa_1.png\",\"width\":3000,\"height\":2250},{\"@type\":\"BreadcrumbList\",\"@id\":\"https:\\\/\\\/zulodesign.com\\\/produkt\\\/lorem-ipsum-dolor-sit-amet-consectetur\\\/#breadcrumb\",\"itemListElement\":[{\"@type\":\"ListItem\",\"position\":1,\"name\":\"Strona g\u0142\u00f3wna\",\"item\":\"https:\\\/\\\/zulodesign.com\\\/pl\\\/\"},{\"@type\":\"ListItem\",\"position\":2,\"name\":\"Products\",\"item\":\"https:\\\/\\\/zulodesign.com\\\/produkty\\\/\"},{\"@type\":\"ListItem\",\"position\":3,\"name\":\"Umowa remontowa z ekip\u0105\"}]},{\"@type\":\"WebSite\",\"@id\":\"https:\\\/\\\/zulodesign.com\\\/#website\",\"url\":\"https:\\\/\\\/zulodesign.com\\\/\",\"name\":\"Zulo Design\",\"description\":\"Interior &amp; Furniture Design\",\"publisher\":{\"@id\":\"https:\\\/\\\/zulodesign.com\\\/#organization\"},\"potentialAction\":[{\"@type\":\"SearchAction\",\"target\":{\"@type\":\"EntryPoint\",\"urlTemplate\":\"https:\\\/\\\/zulodesign.com\\\/?s={search_term_string}\"},\"query-input\":{\"@type\":\"PropertyValueSpecification\",\"valueRequired\":true,\"valueName\":\"search_term_string\"}}],\"inLanguage\":\"pl-PL\"},{\"@type\":\"Organization\",\"@id\":\"https:\\\/\\\/zulodesign.com\\\/#organization\",\"name\":\"Zulo Design\",\"url\":\"https:\\\/\\\/zulodesign.com\\\/\",\"logo\":{\"@type\":\"ImageObject\",\"inLanguage\":\"pl-PL\",\"@id\":\"https:\\\/\\\/zulodesign.com\\\/#\\\/schema\\\/logo\\\/image\\\/\",\"url\":\"https:\\\/\\\/zulodesign.com\\\/wp-content\\\/uploads\\\/2024\\\/01\\\/logo-5_1.svg\",\"contentUrl\":\"https:\\\/\\\/zulodesign.com\\\/wp-content\\\/uploads\\\/2024\\\/01\\\/logo-5_1.svg\",\"width\":170,\"height\":56,\"caption\":\"Zulo Design\"},\"image\":{\"@id\":\"https:\\\/\\\/zulodesign.com\\\/#\\\/schema\\\/logo\\\/image\\\/\"},\"sameAs\":[\"https:\\\/\\\/www.facebook.com\\\/ZuloDesignPL\"]}]}<\/script>\n<!-- \/ Yoast SEO plugin. -->","yoast_head_json":{"title":"Umowa remontowa z ekip\u0105 - Zulo Design","robots":{"index":"index","follow":"follow","max-snippet":"max-snippet:-1","max-image-preview":"max-image-preview:large","max-video-preview":"max-video-preview:-1"},"canonical":"https:\/\/zulodesign.com\/produkt\/lorem-ipsum-dolor-sit-amet-consectetur\/","og_locale":"pl_PL","og_type":"article","og_title":"Umowa remontowa z ekip\u0105 - Zulo Design","og_description":"Je\u015bli zale\u017cy Ci na sprawnie wykonanej pracy, braku niedom\u00f3wie\u0144, uczciwym podej\u015bciu ze strony fachowc\u00f3w i jasno okre\u015blonych warunk\u00f3w wsp\u00f3\u0142pracy \u2013 umowa remontowa zosta\u0142a przygotowana w\u0142a\u015bnie dla Ciebie.","og_url":"https:\/\/zulodesign.com\/produkt\/lorem-ipsum-dolor-sit-amet-consectetur\/","og_site_name":"Zulo Design","article_publisher":"https:\/\/www.facebook.com\/ZuloDesignPL","article_modified_time":"2024-04-17T10:58:33+00:00","og_image":[{"width":1024,"height":768,"url":"https:\/\/zulodesign.com\/wp-content\/uploads\/2024\/01\/Umowa_1-1024x768.png","type":"image\/png"}],"twitter_card":"summary_large_image","schema":{"@context":"https:\/\/schema.org","@graph":[{"@type":"WebPage","@id":"https:\/\/zulodesign.com\/produkt\/lorem-ipsum-dolor-sit-amet-consectetur\/","url":"https:\/\/zulodesign.com\/produkt\/lorem-ipsum-dolor-sit-amet-consectetur\/","name":"Umowa remontowa z ekip\u0105 - Zulo Design","isPartOf":{"@id":"https:\/\/zulodesign.com\/#website"},"primaryImageOfPage":{"@id":"https:\/\/zulodesign.com\/produkt\/lorem-ipsum-dolor-sit-amet-consectetur\/#primaryimage"},"image":{"@id":"https:\/\/zulodesign.com\/produkt\/lorem-ipsum-dolor-sit-amet-consectetur\/#primaryimage"},"thumbnailUrl":"https:\/\/zulodesign.com\/wp-content\/uploads\/2024\/01\/Umowa_1.png","datePublished":"2024-01-03T11:34:01+00:00","dateModified":"2024-04-17T10:58:33+00:00","breadcrumb":{"@id":"https:\/\/zulodesign.com\/produkt\/lorem-ipsum-dolor-sit-amet-consectetur\/#breadcrumb"},"inLanguage":"pl-PL","potentialAction":[{"@type":"ReadAction","target":["https:\/\/zulodesign.com\/produkt\/lorem-ipsum-dolor-sit-amet-consectetur\/"]}]},{"@type":"ImageObject","inLanguage":"pl-PL","@id":"https:\/\/zulodesign.com\/produkt\/lorem-ipsum-dolor-sit-amet-consectetur\/#primaryimage","url":"https:\/\/zulodesign.com\/wp-content\/uploads\/2024\/01\/Umowa_1.png","contentUrl":"https:\/\/zulodesign.com\/wp-content\/uploads\/2024\/01\/Umowa_1.png","width":3000,"height":2250},{"@type":"BreadcrumbList","@id":"https:\/\/zulodesign.com\/produkt\/lorem-ipsum-dolor-sit-amet-consectetur\/#breadcrumb","itemListElement":[{"@type":"ListItem","position":1,"name":"Strona g\u0142\u00f3wna","item":"https:\/\/zulodesign.com\/pl\/"},{"@type":"ListItem","position":2,"name":"Products","item":"https:\/\/zulodesign.com\/produkty\/"},{"@type":"ListItem","position":3,"name":"Umowa remontowa z ekip\u0105"}]},{"@type":"WebSite","@id":"https:\/\/zulodesign.com\/#website","url":"https:\/\/zulodesign.com\/","name":"Zulo Design","description":"Interior &amp; Furniture Design","publisher":{"@id":"https:\/\/zulodesign.com\/#organization"},"potentialAction":[{"@type":"SearchAction","target":{"@type":"EntryPoint","urlTemplate":"https:\/\/zulodesign.com\/?s={search_term_string}"},"query-input":{"@type":"PropertyValueSpecification","valueRequired":true,"valueName":"search_term_string"}}],"inLanguage":"pl-PL"},{"@type":"Organization","@id":"https:\/\/zulodesign.com\/#organization","name":"Zulo Design","url":"https:\/\/zulodesign.com\/","logo":{"@type":"ImageObject","inLanguage":"pl-PL","@id":"https:\/\/zulodesign.com\/#\/schema\/logo\/image\/","url":"https:\/\/zulodesign.com\/wp-content\/uploads\/2024\/01\/logo-5_1.svg","contentUrl":"https:\/\/zulodesign.com\/wp-content\/uploads\/2024\/01\/logo-5_1.svg","width":170,"height":56,"caption":"Zulo Design"},"image":{"@id":"https:\/\/zulodesign.com\/#\/schema\/logo\/image\/"},"sameAs":["https:\/\/www.facebook.com\/ZuloDesignPL"]}]}},"_links":{"self":[{"href":"https:\/\/zulodesign.com\/pl\/wp-json\/wp\/v2\/product\/218","targetHints":{"allow":["GET"]}}],"collection":[{"href":"https:\/\/zulodesign.com\/pl\/wp-json\/wp\/v2\/product"}],"about":[{"href":"https:\/\/zulodesign.com\/pl\/wp-json\/wp\/v2\/types\/product"}],"wp:featuredmedia":[{"embeddable":true,"href":"https:\/\/zulodesign.com\/pl\/wp-json\/wp\/v2\/media\/1655"}],"wp:attachment":[{"href":"https:\/\/zulodesign.com\/pl\/wp-json\/wp\/v2\/media?parent=218"}],"wp:term":[{"taxonomy":"product_brand","embeddable":true,"href":"https:\/\/zulodesign.com\/pl\/wp-json\/wp\/v2\/product_brand?post=218"},{"taxonomy":"product_cat","embeddable":true,"href":"https:\/\/zulodesign.com\/pl\/wp-json\/wp\/v2\/product_cat?post=218"},{"taxonomy":"product_tag","embeddable":true,"href":"https:\/\/zulodesign.com\/pl\/wp-json\/wp\/v2\/product_tag?post=218"}],"curies":[{"name":"wp","href":"https:\/\/api.w.org\/{rel}","templated":true}]}}