{"id":225,"date":"2024-01-03T11:34:31","date_gmt":"2024-01-03T11:34:31","guid":{"rendered":"http:\/\/zulodesign.com\/?post_type=product&#038;p=225"},"modified":"2024-04-25T09:33:45","modified_gmt":"2024-04-25T09:33:45","slug":"lorem-ipsum-dolor-sit-amet-consectetur-kopia","status":"publish","type":"product","link":"https:\/\/zulodesign.com\/pl\/produkt\/lorem-ipsum-dolor-sit-amet-consectetur-kopia\/","title":{"rendered":"Kosztorys i harmonogram prac wyko\u0144czeniowych + przyk\u0142adowa lista zakupowa"},"content":{"rendered":"<p>Co znajdziesz w \u015brodku?<\/p>\n<ul>\n<li>Zakres prac z jakimi si\u0119 spotkali\u015bmy podczas wyko\u0144cze\u0144 wn\u0119trz dla naszych klient\u00f3w. Patrz\u0105c na kosztorys mo\u017cesz w \u0142atwy spos\u00f3b kontrolowa\u0107 prac\u0119 fachowc\u00f3w, a tak\u017ce monitorowa\u0107 wszelkie zmiany,<\/li>\n<li>Przejrzysty uk\u0142ad i intuicyjne przyciki pozwol\u0105 Ci szybko i \u0142atwo odnale\u017a\u0107 konkretne dzia\u0142ania,<\/li>\n<li>Przyk\u0142adowa lista zakupowa pomo\u017ce Ci oszacowa\u0107 bud\u017cet i zaplanowa\u0107 pierwsze wydatki,<\/li>\n<li>Dzi\u0119ki temu narz\u0119dziu koordynacja fachwc\u00f3w b\u0119dzie prostsza,<\/li>\n<li>\u0141atwo zorientujesz si\u0119 na jakim etapie prac znajduj\u0105 si\u0119 zatrudnieni wykonawcy i ile zosta\u0142o jeszcze do zrobienia,<\/li>\n<li>Ju\u017c teraz poznasz koszty wyposa\u017cenia kuchni, \u0142azienki czy pozosta\u0142ych pomieszcze\u0144, kt\u00f3re znajduj\u0105 si\u0119 w przyk\u0142adowej li\u015bcie zakupowej<\/li>\n<\/ul>\n","protected":false},"excerpt":{"rendered":"<p>Kosztorys po\u0142\u0105czony z harmonogramem i list\u0105 zakupow\u0105 to prawdziwy \u201emust have\u201d, je\u015bli planujesz wyko\u0144czenie swojego wn\u0119trza. Dzi\u0119ki niemu mo\u017cesz w \u0142atwy spos\u00f3b zaplanowa\u0107 prace wykonawc\u00f3w, a tak\u017ce je koordynowa\u0107. To zbi\u00f3r nie tylko czynno\u015bci do wykonania, a przede wszystkim kopalnia informacji co, kiedy i przez kogo zosta\u0142o zrobione. Stanowi wst\u0119p do rozm\u00f3w z fachowcami, Tw\u00f3j pierwszy krok, jaki warto\u00a0 wykona\u0107, zanim zdecydujesz si\u0119 na rozpocz\u0119cie prac i wsp\u00f3\u0142prac\u0119.<\/p>\n","protected":false},"featured_media":1651,"template":"","meta":[],"product_brand":[],"product_cat":[15],"product_tag":[],"class_list":{"0":"post-225","1":"product","2":"type-product","3":"status-publish","4":"has-post-thumbnail","6":"product_cat-bez-kategorii","8":"first","9":"instock","10":"downloadable","11":"shipping-taxable","12":"purchasable","13":"product-type-simple"},"acf":[],"yoast_head":"<!-- This site is optimized with the Yoast SEO plugin v27.3 - https:\/\/yoast.com\/product\/yoast-seo-wordpress\/ -->\n<title>Kosztorys i harmonogram prac wyko\u0144czeniowych + przyk\u0142adowa lista zakupowa - Zulo Design<\/title>\n<meta name=\"robots\" content=\"index, follow, max-snippet:-1, max-image-preview:large, max-video-preview:-1\" \/>\n<link rel=\"canonical\" href=\"https:\/\/zulodesign.com\/pl\/produkt\/lorem-ipsum-dolor-sit-amet-consectetur-kopia\/\" \/>\n<meta property=\"og:locale\" content=\"pl_PL\" \/>\n<meta property=\"og:type\" content=\"article\" \/>\n<meta property=\"og:title\" content=\"Kosztorys i harmonogram prac wyko\u0144czeniowych + przyk\u0142adowa lista zakupowa - Zulo Design\" \/>\n<meta property=\"og:description\" content=\"Kosztorys po\u0142\u0105czony z harmonogramem i list\u0105 zakupow\u0105 to prawdziwy \u201emust have\u201d, je\u015bli planujesz wyko\u0144czenie swojego wn\u0119trza. Dzi\u0119ki niemu mo\u017cesz w \u0142atwy spos\u00f3b zaplanowa\u0107 prace wykonawc\u00f3w, a tak\u017ce je koordynowa\u0107. To zbi\u00f3r nie tylko czynno\u015bci do wykonania, a przede wszystkim kopalnia informacji co, kiedy i przez kogo zosta\u0142o zrobione. Stanowi wst\u0119p do rozm\u00f3w z fachowcami, Tw\u00f3j pierwszy krok, jaki warto\u00a0 wykona\u0107, zanim zdecydujesz si\u0119 na rozpocz\u0119cie prac i wsp\u00f3\u0142prac\u0119.\" \/>\n<meta property=\"og:url\" content=\"https:\/\/zulodesign.com\/pl\/produkt\/lorem-ipsum-dolor-sit-amet-consectetur-kopia\/\" \/>\n<meta property=\"og:site_name\" content=\"Zulo Design\" \/>\n<meta property=\"article:publisher\" content=\"https:\/\/www.facebook.com\/ZuloDesignPL\" \/>\n<meta property=\"article:modified_time\" content=\"2024-04-25T09:33:45+00:00\" \/>\n<meta property=\"og:image\" content=\"https:\/\/zulodesign.com\/wp-content\/uploads\/2024\/01\/1-2-1024x768.png\" \/>\n\t<meta property=\"og:image:width\" content=\"1024\" \/>\n\t<meta property=\"og:image:height\" content=\"768\" \/>\n\t<meta property=\"og:image:type\" content=\"image\/png\" \/>\n<meta name=\"twitter:card\" content=\"summary_large_image\" \/>\n<meta name=\"twitter:label1\" content=\"Szacowany czas czytania\" \/>\n\t<meta name=\"twitter:data1\" content=\"1 minuta\" \/>\n<script type=\"application\/ld+json\" class=\"yoast-schema-graph\">{\"@context\":\"https:\\\/\\\/schema.org\",\"@graph\":[{\"@type\":\"WebPage\",\"@id\":\"https:\\\/\\\/zulodesign.com\\\/pl\\\/produkt\\\/lorem-ipsum-dolor-sit-amet-consectetur-kopia\\\/\",\"url\":\"https:\\\/\\\/zulodesign.com\\\/pl\\\/produkt\\\/lorem-ipsum-dolor-sit-amet-consectetur-kopia\\\/\",\"name\":\"Kosztorys i harmonogram prac wyko\u0144czeniowych + przyk\u0142adowa lista zakupowa - Zulo Design\",\"isPartOf\":{\"@id\":\"https:\\\/\\\/zulodesign.com\\\/#website\"},\"primaryImageOfPage\":{\"@id\":\"https:\\\/\\\/zulodesign.com\\\/pl\\\/produkt\\\/lorem-ipsum-dolor-sit-amet-consectetur-kopia\\\/#primaryimage\"},\"image\":{\"@id\":\"https:\\\/\\\/zulodesign.com\\\/pl\\\/produkt\\\/lorem-ipsum-dolor-sit-amet-consectetur-kopia\\\/#primaryimage\"},\"thumbnailUrl\":\"https:\\\/\\\/zulodesign.com\\\/wp-content\\\/uploads\\\/2024\\\/01\\\/1-2.png\",\"datePublished\":\"2024-01-03T11:34:31+00:00\",\"dateModified\":\"2024-04-25T09:33:45+00:00\",\"breadcrumb\":{\"@id\":\"https:\\\/\\\/zulodesign.com\\\/pl\\\/produkt\\\/lorem-ipsum-dolor-sit-amet-consectetur-kopia\\\/#breadcrumb\"},\"inLanguage\":\"pl-PL\",\"potentialAction\":[{\"@type\":\"ReadAction\",\"target\":[\"https:\\\/\\\/zulodesign.com\\\/pl\\\/produkt\\\/lorem-ipsum-dolor-sit-amet-consectetur-kopia\\\/\"]}]},{\"@type\":\"ImageObject\",\"inLanguage\":\"pl-PL\",\"@id\":\"https:\\\/\\\/zulodesign.com\\\/pl\\\/produkt\\\/lorem-ipsum-dolor-sit-amet-consectetur-kopia\\\/#primaryimage\",\"url\":\"https:\\\/\\\/zulodesign.com\\\/wp-content\\\/uploads\\\/2024\\\/01\\\/1-2.png\",\"contentUrl\":\"https:\\\/\\\/zulodesign.com\\\/wp-content\\\/uploads\\\/2024\\\/01\\\/1-2.png\",\"width\":3000,\"height\":2250},{\"@type\":\"BreadcrumbList\",\"@id\":\"https:\\\/\\\/zulodesign.com\\\/pl\\\/produkt\\\/lorem-ipsum-dolor-sit-amet-consectetur-kopia\\\/#breadcrumb\",\"itemListElement\":[{\"@type\":\"ListItem\",\"position\":1,\"name\":\"Strona g\u0142\u00f3wna\",\"item\":\"https:\\\/\\\/zulodesign.com\\\/pl\\\/\"},{\"@type\":\"ListItem\",\"position\":2,\"name\":\"Products\",\"item\":\"https:\\\/\\\/zulodesign.com\\\/produkty\\\/\"},{\"@type\":\"ListItem\",\"position\":3,\"name\":\"Kosztorys i harmonogram prac wyko\u0144czeniowych + przyk\u0142adowa lista zakupowa\"}]},{\"@type\":\"WebSite\",\"@id\":\"https:\\\/\\\/zulodesign.com\\\/#website\",\"url\":\"https:\\\/\\\/zulodesign.com\\\/\",\"name\":\"Zulo Design\",\"description\":\"Interior &amp; Furniture Design\",\"publisher\":{\"@id\":\"https:\\\/\\\/zulodesign.com\\\/#organization\"},\"potentialAction\":[{\"@type\":\"SearchAction\",\"target\":{\"@type\":\"EntryPoint\",\"urlTemplate\":\"https:\\\/\\\/zulodesign.com\\\/?s={search_term_string}\"},\"query-input\":{\"@type\":\"PropertyValueSpecification\",\"valueRequired\":true,\"valueName\":\"search_term_string\"}}],\"inLanguage\":\"pl-PL\"},{\"@type\":\"Organization\",\"@id\":\"https:\\\/\\\/zulodesign.com\\\/#organization\",\"name\":\"Zulo Design\",\"url\":\"https:\\\/\\\/zulodesign.com\\\/\",\"logo\":{\"@type\":\"ImageObject\",\"inLanguage\":\"pl-PL\",\"@id\":\"https:\\\/\\\/zulodesign.com\\\/#\\\/schema\\\/logo\\\/image\\\/\",\"url\":\"https:\\\/\\\/zulodesign.com\\\/wp-content\\\/uploads\\\/2024\\\/01\\\/logo-5_1.svg\",\"contentUrl\":\"https:\\\/\\\/zulodesign.com\\\/wp-content\\\/uploads\\\/2024\\\/01\\\/logo-5_1.svg\",\"width\":170,\"height\":56,\"caption\":\"Zulo Design\"},\"image\":{\"@id\":\"https:\\\/\\\/zulodesign.com\\\/#\\\/schema\\\/logo\\\/image\\\/\"},\"sameAs\":[\"https:\\\/\\\/www.facebook.com\\\/ZuloDesignPL\"]}]}<\/script>\n<!-- \/ Yoast SEO plugin. -->","yoast_head_json":{"title":"Kosztorys i harmonogram prac wyko\u0144czeniowych + przyk\u0142adowa lista zakupowa - Zulo Design","robots":{"index":"index","follow":"follow","max-snippet":"max-snippet:-1","max-image-preview":"max-image-preview:large","max-video-preview":"max-video-preview:-1"},"canonical":"https:\/\/zulodesign.com\/pl\/produkt\/lorem-ipsum-dolor-sit-amet-consectetur-kopia\/","og_locale":"pl_PL","og_type":"article","og_title":"Kosztorys i harmonogram prac wyko\u0144czeniowych + przyk\u0142adowa lista zakupowa - Zulo Design","og_description":"Kosztorys po\u0142\u0105czony z harmonogramem i list\u0105 zakupow\u0105 to prawdziwy \u201emust have\u201d, je\u015bli planujesz wyko\u0144czenie swojego wn\u0119trza. Dzi\u0119ki niemu mo\u017cesz w \u0142atwy spos\u00f3b zaplanowa\u0107 prace wykonawc\u00f3w, a tak\u017ce je koordynowa\u0107. To zbi\u00f3r nie tylko czynno\u015bci do wykonania, a przede wszystkim kopalnia informacji co, kiedy i przez kogo zosta\u0142o zrobione. Stanowi wst\u0119p do rozm\u00f3w z fachowcami, Tw\u00f3j pierwszy krok, jaki warto\u00a0 wykona\u0107, zanim zdecydujesz si\u0119 na rozpocz\u0119cie prac i wsp\u00f3\u0142prac\u0119.","og_url":"https:\/\/zulodesign.com\/pl\/produkt\/lorem-ipsum-dolor-sit-amet-consectetur-kopia\/","og_site_name":"Zulo Design","article_publisher":"https:\/\/www.facebook.com\/ZuloDesignPL","article_modified_time":"2024-04-25T09:33:45+00:00","og_image":[{"width":1024,"height":768,"url":"https:\/\/zulodesign.com\/wp-content\/uploads\/2024\/01\/1-2-1024x768.png","type":"image\/png"}],"twitter_card":"summary_large_image","twitter_misc":{"Szacowany czas czytania":"1 minuta"},"schema":{"@context":"https:\/\/schema.org","@graph":[{"@type":"WebPage","@id":"https:\/\/zulodesign.com\/pl\/produkt\/lorem-ipsum-dolor-sit-amet-consectetur-kopia\/","url":"https:\/\/zulodesign.com\/pl\/produkt\/lorem-ipsum-dolor-sit-amet-consectetur-kopia\/","name":"Kosztorys i harmonogram prac wyko\u0144czeniowych + przyk\u0142adowa lista zakupowa - Zulo Design","isPartOf":{"@id":"https:\/\/zulodesign.com\/#website"},"primaryImageOfPage":{"@id":"https:\/\/zulodesign.com\/pl\/produkt\/lorem-ipsum-dolor-sit-amet-consectetur-kopia\/#primaryimage"},"image":{"@id":"https:\/\/zulodesign.com\/pl\/produkt\/lorem-ipsum-dolor-sit-amet-consectetur-kopia\/#primaryimage"},"thumbnailUrl":"https:\/\/zulodesign.com\/wp-content\/uploads\/2024\/01\/1-2.png","datePublished":"2024-01-03T11:34:31+00:00","dateModified":"2024-04-25T09:33:45+00:00","breadcrumb":{"@id":"https:\/\/zulodesign.com\/pl\/produkt\/lorem-ipsum-dolor-sit-amet-consectetur-kopia\/#breadcrumb"},"inLanguage":"pl-PL","potentialAction":[{"@type":"ReadAction","target":["https:\/\/zulodesign.com\/pl\/produkt\/lorem-ipsum-dolor-sit-amet-consectetur-kopia\/"]}]},{"@type":"ImageObject","inLanguage":"pl-PL","@id":"https:\/\/zulodesign.com\/pl\/produkt\/lorem-ipsum-dolor-sit-amet-consectetur-kopia\/#primaryimage","url":"https:\/\/zulodesign.com\/wp-content\/uploads\/2024\/01\/1-2.png","contentUrl":"https:\/\/zulodesign.com\/wp-content\/uploads\/2024\/01\/1-2.png","width":3000,"height":2250},{"@type":"BreadcrumbList","@id":"https:\/\/zulodesign.com\/pl\/produkt\/lorem-ipsum-dolor-sit-amet-consectetur-kopia\/#breadcrumb","itemListElement":[{"@type":"ListItem","position":1,"name":"Strona g\u0142\u00f3wna","item":"https:\/\/zulodesign.com\/pl\/"},{"@type":"ListItem","position":2,"name":"Products","item":"https:\/\/zulodesign.com\/produkty\/"},{"@type":"ListItem","position":3,"name":"Kosztorys i harmonogram prac wyko\u0144czeniowych + przyk\u0142adowa lista zakupowa"}]},{"@type":"WebSite","@id":"https:\/\/zulodesign.com\/#website","url":"https:\/\/zulodesign.com\/","name":"Zulo Design","description":"Interior &amp; Furniture Design","publisher":{"@id":"https:\/\/zulodesign.com\/#organization"},"potentialAction":[{"@type":"SearchAction","target":{"@type":"EntryPoint","urlTemplate":"https:\/\/zulodesign.com\/?s={search_term_string}"},"query-input":{"@type":"PropertyValueSpecification","valueRequired":true,"valueName":"search_term_string"}}],"inLanguage":"pl-PL"},{"@type":"Organization","@id":"https:\/\/zulodesign.com\/#organization","name":"Zulo Design","url":"https:\/\/zulodesign.com\/","logo":{"@type":"ImageObject","inLanguage":"pl-PL","@id":"https:\/\/zulodesign.com\/#\/schema\/logo\/image\/","url":"https:\/\/zulodesign.com\/wp-content\/uploads\/2024\/01\/logo-5_1.svg","contentUrl":"https:\/\/zulodesign.com\/wp-content\/uploads\/2024\/01\/logo-5_1.svg","width":170,"height":56,"caption":"Zulo Design"},"image":{"@id":"https:\/\/zulodesign.com\/#\/schema\/logo\/image\/"},"sameAs":["https:\/\/www.facebook.com\/ZuloDesignPL"]}]}},"_links":{"self":[{"href":"https:\/\/zulodesign.com\/pl\/wp-json\/wp\/v2\/product\/225","targetHints":{"allow":["GET"]}}],"collection":[{"href":"https:\/\/zulodesign.com\/pl\/wp-json\/wp\/v2\/product"}],"about":[{"href":"https:\/\/zulodesign.com\/pl\/wp-json\/wp\/v2\/types\/product"}],"wp:featuredmedia":[{"embeddable":true,"href":"https:\/\/zulodesign.com\/pl\/wp-json\/wp\/v2\/media\/1651"}],"wp:attachment":[{"href":"https:\/\/zulodesign.com\/pl\/wp-json\/wp\/v2\/media?parent=225"}],"wp:term":[{"taxonomy":"product_brand","embeddable":true,"href":"https:\/\/zulodesign.com\/pl\/wp-json\/wp\/v2\/product_brand?post=225"},{"taxonomy":"product_cat","embeddable":true,"href":"https:\/\/zulodesign.com\/pl\/wp-json\/wp\/v2\/product_cat?post=225"},{"taxonomy":"product_tag","embeddable":true,"href":"https:\/\/zulodesign.com\/pl\/wp-json\/wp\/v2\/product_tag?post=225"}],"curies":[{"name":"wp","href":"https:\/\/api.w.org\/{rel}","templated":true}]}}